{"id":2469,"date":"2026-02-10T18:47:46","date_gmt":"2026-02-10T21:47:46","guid":{"rendered":"https:\/\/govegan.food\/?post_type=product&#038;p=2469"},"modified":"2026-03-17T21:42:10","modified_gmt":"2026-03-18T00:42:10","slug":"12-empanadas-veganas","status":"publish","type":"product","link":"https:\/\/govegan.food\/index.php\/producto\/12-empanadas-veganas\/","title":{"rendered":"12 Empanadas veganas"},"content":{"rendered":"<p>Nuestras\u00a0<strong>empanadas veganas de soja texturizada<\/strong>\u00a0combinan tradici\u00f3n y alimentaci\u00f3n consciente. La masa dorada al horno envuelve un relleno delicioso y rico en prote\u00ednas vegetales, ideal para quienes buscan sabor aut\u00e9ntico y nutrici\u00f3n equilibrada.<\/p>\n<ul>\n<li><img decoding=\"async\" class=\"emoji\" role=\"img\" draggable=\"false\" src=\"https:\/\/s.w.org\/images\/core\/emoji\/17.0.2\/svg\/1f331.svg\" alt=\"\ud83c\udf31\" \/>\u00a0Elaboradas con soja texturizada de alta calidad<\/li>\n<li><img decoding=\"async\" class=\"emoji\" role=\"img\" draggable=\"false\" src=\"https:\/\/s.w.org\/images\/core\/emoji\/17.0.2\/svg\/1f966.svg\" alt=\"\ud83e\udd66\" \/>\u00a0Fuente de prote\u00ednas vegetales y fibra<\/li>\n<li><img decoding=\"async\" class=\"emoji\" role=\"img\" draggable=\"false\" src=\"https:\/\/s.w.org\/images\/core\/emoji\/17.0.2\/svg\/1f69a.svg\" alt=\"\ud83d\ude9a\" \/>\u00a0Env\u00edo sin cargo llevando m\u00e1s de 5 unidades<\/li>\n<li><img decoding=\"async\" class=\"emoji\" role=\"img\" draggable=\"false\" src=\"https:\/\/s.w.org\/images\/core\/emoji\/17.0.2\/svg\/1f4b2.svg\" alt=\"\ud83d\udcb2\" \/>\u00a0Promoci\u00f3n especial: 3 por $5000<br \/>\n<img decoding=\"async\" class=\"emoji\" role=\"img\" draggable=\"false\" src=\"https:\/\/s.w.org\/images\/core\/emoji\/17.0.2\/svg\/1f4b2.svg\" alt=\"\ud83d\udcb2\" \/>\u00a019000 la docena<\/li>\n<\/ul>\n","protected":false},"excerpt":{"rendered":"<p>Empanadas veganas con relleno de soja texturizada, sabrosas y nutritivas. Una opci\u00f3n 100% Basada en plantas. <img decoding=\"async\" class=\"alignnone wp-image-2470\" src=\"https:\/\/govegan.food\/wp-content\/uploads\/2026\/02\/Icono-Delivery-300x300.png\" alt=\"\" width=\"33\" height=\"33\" srcset=\"https:\/\/govegan.food\/wp-content\/uploads\/2026\/02\/Icono-Delivery-300x300.png 300w, https:\/\/govegan.food\/wp-content\/uploads\/2026\/02\/Icono-Delivery-150x150.png 150w, https:\/\/govegan.food\/wp-content\/uploads\/2026\/02\/Icono-Delivery-768x768.png 768w, https:\/\/govegan.food\/wp-content\/uploads\/2026\/02\/Icono-Delivery-508x508.png 508w, https:\/\/govegan.food\/wp-content\/uploads\/2026\/02\/Icono-Delivery-50x50.png 50w, https:\/\/govegan.food\/wp-content\/uploads\/2026\/02\/Icono-Delivery-100x100.png 100w, https:\/\/govegan.food\/wp-content\/uploads\/2026\/02\/Icono-Delivery-600x600.png 600w, https:\/\/govegan.food\/wp-content\/uploads\/2026\/02\/Icono-Delivery.png 1024w\" sizes=\"(min-width: 960px) 75vw, 100vw\" \/>ENV\u00cdO SIN CARGO<\/p>\n","protected":false},"featured_media":2471,"comment_status":"open","ping_status":"closed","template":"","meta":[],"product_brand":[],"product_cat":[26],"product_tag":[],"class_list":{"0":"post-2469","1":"product","2":"type-product","3":"status-publish","4":"has-post-thumbnail","6":"product_cat-empanadas","8":"first","9":"instock","10":"shipping-taxable","11":"purchasable","12":"product-type-simple"},"jetpack_sharing_enabled":true,"_links":{"self":[{"href":"https:\/\/govegan.food\/index.php\/wp-json\/wp\/v2\/product\/2469","targetHints":{"allow":["GET"]}}],"collection":[{"href":"https:\/\/govegan.food\/index.php\/wp-json\/wp\/v2\/product"}],"about":[{"href":"https:\/\/govegan.food\/index.php\/wp-json\/wp\/v2\/types\/product"}],"replies":[{"embeddable":true,"href":"https:\/\/govegan.food\/index.php\/wp-json\/wp\/v2\/comments?post=2469"}],"wp:featuredmedia":[{"embeddable":true,"href":"https:\/\/govegan.food\/index.php\/wp-json\/wp\/v2\/media\/2471"}],"wp:attachment":[{"href":"https:\/\/govegan.food\/index.php\/wp-json\/wp\/v2\/media?parent=2469"}],"wp:term":[{"taxonomy":"product_brand","embeddable":true,"href":"https:\/\/govegan.food\/index.php\/wp-json\/wp\/v2\/product_brand?post=2469"},{"taxonomy":"product_cat","embeddable":true,"href":"https:\/\/govegan.food\/index.php\/wp-json\/wp\/v2\/product_cat?post=2469"},{"taxonomy":"product_tag","embeddable":true,"href":"https:\/\/govegan.food\/index.php\/wp-json\/wp\/v2\/product_tag?post=2469"}],"curies":[{"name":"wp","href":"https:\/\/api.w.org\/{rel}","templated":true}]}}